{"id":12,"date":"2024-12-18T17:03:00","date_gmt":"2024-12-18T17:03:00","guid":{"rendered":"https:\/\/www.comadece.org.br\/site\/?page_id=12"},"modified":"2024-12-23T22:53:54","modified_gmt":"2024-12-23T22:53:54","slug":"sobre","status":"publish","type":"page","link":"https:\/\/www.comadece.org.br\/site\/sobre\/","title":{"rendered":"Sobre"},"content":{"rendered":"\n<div class=\"wp-block-media-text is-stacked-on-mobile is-vertically-aligned-top\" style=\"grid-template-columns:15% auto\"><figure class=\"wp-block-media-text__media\"><img loading=\"lazy\" decoding=\"async\" width=\"1024\" height=\"1024\" src=\"https:\/\/www.comadece.org.br\/site\/wp-content\/uploads\/2024\/12\/logo_comadece-1024x1024.png\" alt=\"Logo Comadece\" class=\"wp-image-15 size-full\" srcset=\"https:\/\/www.comadece.org.br\/site\/wp-content\/uploads\/2024\/12\/logo_comadece-1024x1024.png 1024w, https:\/\/www.comadece.org.br\/site\/wp-content\/uploads\/2024\/12\/logo_comadece-300x300.png 300w, https:\/\/www.comadece.org.br\/site\/wp-content\/uploads\/2024\/12\/logo_comadece-150x150.png 150w, https:\/\/www.comadece.org.br\/site\/wp-content\/uploads\/2024\/12\/logo_comadece-768x768.png 768w, https:\/\/www.comadece.org.br\/site\/wp-content\/uploads\/2024\/12\/logo_comadece.png 1496w\" sizes=\"(max-width: 1024px) 100vw, 1024px\" \/><\/figure><div class=\"wp-block-media-text__content\">\n<p>Bem-vindo \u00e0 p\u00e1gina Sobre a COMADECE. Aqui, voc\u00ea conhecer\u00e1 mais sobre nossa hist\u00f3ria, miss\u00e3o, vis\u00e3o e valores, que fundamentam nossas a\u00e7\u00f5es e nos guiam na propaga\u00e7\u00e3o da Palavra de Deus.<\/p>\n<\/div><\/div>\n\n\n\n<!--more-->\n\n\n\n<h4 class=\"wp-block-heading\"><strong>Hist\u00f3ria<\/strong><\/h4>\n\n\n\n<p>A <strong>COMADECE &#8211; Conven\u00e7\u00e3o de Ministros da Assembleia de Deus Bela Vista no Estado do Cear\u00e1<\/strong> foi fundada em 1973 como a <strong>Conven\u00e7\u00e3o Fraternal de Obreiros do Minist\u00e9rio Bela Vista<\/strong>. Ao longo de sua trajet\u00f3ria, consolidou-se como uma associa\u00e7\u00e3o religiosa sem fins lucrativos, dedicada \u00e0 unidade e fortalecimento do minist\u00e9rio evang\u00e9lico no Estado do Cear\u00e1.<\/p>\n\n\n\n<p>Em 2024, com o compromisso de promover paz, harmonia e edifica\u00e7\u00e3o espiritual, a COMADECE reformou seu Estatuto em Assembleia Geral Extraordin\u00e1ria, reafirmando sua miss\u00e3o de servir aos ministros e igrejas filiadas em conformidade com os princ\u00edpios b\u00edblicos. Hoje, somos reconhecidos por nossa dedica\u00e7\u00e3o ao aprimoramento doutrin\u00e1rio, evangeliza\u00e7\u00e3o e zelo pelos valores crist\u00e3os.<\/p>\n\n\n\n<hr class=\"wp-block-separator has-alpha-channel-opacity\"\/>\n\n\n\n<h4 class=\"wp-block-heading\"><strong>Miss\u00e3o<\/strong><\/h4>\n\n\n\n<p>Promover o congra\u00e7amento espiritual, a evangeliza\u00e7\u00e3o e o ensino teol\u00f3gico, fortalecendo os ministros e igrejas filiadas com base nos princ\u00edpios morais e espirituais da B\u00edblia Sagrada\u200b.<\/p>\n\n\n\n<hr class=\"wp-block-separator has-alpha-channel-opacity\"\/>\n\n\n\n<h4 class=\"wp-block-heading\"><strong>Vis\u00e3o<\/strong><\/h4>\n\n\n\n<p>Ser refer\u00eancia nacional na unidade e capacita\u00e7\u00e3o ministerial, inspirando obreiros e igrejas a viverem a excel\u00eancia crist\u00e3 em suas a\u00e7\u00f5es\u200b.<\/p>\n\n\n\n<hr class=\"wp-block-separator has-alpha-channel-opacity\"\/>\n\n\n\n<h4 class=\"wp-block-heading\"><strong>Valores<\/strong><\/h4>\n\n\n\n<ul class=\"wp-block-list\">\n<li><strong>Fidelidade \u00e0 B\u00edblia Sagrada<\/strong>: A Palavra de Deus como fundamento infal\u00edvel de nossa f\u00e9 e pr\u00e1tica.<\/li>\n\n\n\n<li><strong>Unidade Crist\u00e3<\/strong>: Promover harmonia entre os ministros e igrejas.<\/li>\n\n\n\n<li><strong>Santidade e \u00c9tica<\/strong>: Viver de acordo com os preceitos morais e espirituais da f\u00e9 crist\u00e3.<\/li>\n\n\n\n<li><strong>Compromisso com a Evangeliza\u00e7\u00e3o<\/strong>: Propagar a mensagem de Cristo em todos os lugares.<\/li>\n\n\n\n<li><strong>Excel\u00eancia Ministerial<\/strong>: Incentivar a capacita\u00e7\u00e3o teol\u00f3gica e o desenvolvimento espiritual.<\/li>\n<\/ul>\n","protected":false},"excerpt":{"rendered":"<p>Bem-vindo \u00e0 p\u00e1gina Sobre a COMADECE. Aqui, voc\u00ea conhecer\u00e1 mais sobre nossa hist\u00f3ria, miss\u00e3o, vis\u00e3o e valores, que fundamentam nossas a\u00e7\u00f5es e nos guiam na propaga\u00e7\u00e3o da Palavra de Deus.<\/p>\n","protected":false},"author":1,"featured_media":0,"parent":0,"menu_order":0,"comment_status":"closed","ping_status":"closed","template":"","meta":{"saved_in_kubio":false,"footnotes":""},"class_list":["post-12","page","type-page","status-publish","hentry"],"kubio_ai_page_context":{"short_desc":"","purpose":"general"},"_links":{"self":[{"href":"https:\/\/www.comadece.org.br\/site\/wp-json\/wp\/v2\/pages\/12","targetHints":{"allow":["GET"]}}],"collection":[{"href":"https:\/\/www.comadece.org.br\/site\/wp-json\/wp\/v2\/pages"}],"about":[{"href":"https:\/\/www.comadece.org.br\/site\/wp-json\/wp\/v2\/types\/page"}],"author":[{"embeddable":true,"href":"https:\/\/www.comadece.org.br\/site\/wp-json\/wp\/v2\/users\/1"}],"replies":[{"embeddable":true,"href":"https:\/\/www.comadece.org.br\/site\/wp-json\/wp\/v2\/comments?post=12"}],"version-history":[{"count":8,"href":"https:\/\/www.comadece.org.br\/site\/wp-json\/wp\/v2\/pages\/12\/revisions"}],"predecessor-version":[{"id":316,"href":"https:\/\/www.comadece.org.br\/site\/wp-json\/wp\/v2\/pages\/12\/revisions\/316"}],"wp:attachment":[{"href":"https:\/\/www.comadece.org.br\/site\/wp-json\/wp\/v2\/media?parent=12"}],"curies":[{"name":"wp","href":"https:\/\/api.w.org\/{rel}","templated":true}]}}