{"id":127,"date":"2024-12-19T16:40:52","date_gmt":"2024-12-19T16:40:52","guid":{"rendered":"https:\/\/www.comadece.org.br\/site\/?page_id=127"},"modified":"2024-12-25T11:56:49","modified_gmt":"2024-12-25T11:56:49","slug":"agenda","status":"publish","type":"page","link":"https:\/\/www.comadece.org.br\/site\/agenda\/","title":{"rendered":"Agenda"},"content":{"rendered":"\n<p>Bem-vindo \u00e0 p\u00e1gina de <strong>Agenda de Eventos da COMADECE<\/strong>! Aqui voc\u00ea encontra todas as informa\u00e7\u00f5es sobre as Assembleias Gerais Ordin\u00e1rias (AGO), Congressos, Semin\u00e1rios e outros eventos promovidos pela <strong>Conven\u00e7\u00e3o de Ministros da Assembleia de Deus Bela Vista no Cear\u00e1<\/strong>.<\/p>\n\n\n\n<p>Conforme o Art. 19 do Estatuto da COMADECE, promovemos encontros regulares que visam fortalecer a unidade espiritual, oferecer capacita\u00e7\u00e3o ministerial e discutir temas relevantes para a obra de Deus. Acompanhe nosso calend\u00e1rio din\u00e2mico e fique por dentro de todas as atividades.<\/p>\n\n\n\n<hr class=\"wp-block-separator has-alpha-channel-opacity\"\/>\n\n\n\n<h4 class=\"wp-block-heading\"><strong>Calend\u00e1rio de Eventos<\/strong><\/h4>\n\n\n\n<p><strong>Pr\u00f3ximos Eventos<\/strong>:<\/p>\n\n\n\n<ul class=\"wp-block-list\">\n<li><strong>Assembleia Geral Ordin\u00e1ria (AGO)<\/strong>\n<ul class=\"wp-block-list\">\n<li><strong>Data<\/strong>: [Inserir data]<\/li>\n\n\n\n<li><strong>Local<\/strong>: [Inserir local]<\/li>\n\n\n\n<li><strong>Descri\u00e7\u00e3o<\/strong>: Assembleia Geral com discuss\u00e3o de relat\u00f3rios e aprova\u00e7\u00e3o de planos e metas ministeriais.<\/li>\n<\/ul>\n<\/li>\n\n\n\n<li><strong><strong>Assembleia Geral Ordin\u00e1ria (AGE)<\/strong><\/strong>\n<ul class=\"wp-block-list\">\n<li><strong>Data<\/strong>: [Inserir data]<\/li>\n\n\n\n<li><strong>Local<\/strong>: [Inserir local]<\/li>\n\n\n\n<li><strong>Descri\u00e7\u00e3o<\/strong>: Assembleia Geral Extraordin\u00e1ria com discuss\u00e3o de relat\u00f3rios e aprova\u00e7\u00e3o de planos e metas ministeriais urgentes ou excepcionais.<\/li>\n<\/ul>\n<\/li>\n\n\n\n<li><strong>Escola B\u00edblica de Obreiro<\/strong>\n<ul class=\"wp-block-list\">\n<li><strong>Data<\/strong>: [Inserir data]<\/li>\n\n\n\n<li><strong>Local<\/strong>: [Inserir local]<\/li>\n\n\n\n<li><strong>Descri\u00e7\u00e3o<\/strong>: Capacita\u00e7\u00e3o para ministros e l\u00edderes, com palestras e workshops.<\/li>\n<\/ul>\n<\/li>\n<\/ul>\n\n\n\n<p><\/p>\n","protected":false},"excerpt":{"rendered":"<p>Bem-vindo \u00e0 p\u00e1gina de Agenda de Eventos da COMADECE! Aqui voc\u00ea encontra todas as informa\u00e7\u00f5es sobre as Assembleias Gerais Ordin\u00e1rias (AGO), Congressos, Semin\u00e1rios e outros eventos promovidos pela Conven\u00e7\u00e3o de Ministros da Assembleia de Deus Bela Vista no Cear\u00e1. Conforme o Art. 19 do Estatuto da COMADECE, promovemos encontros regulares que visam fortalecer a unidade [&hellip;]<\/p>\n","protected":false},"author":1,"featured_media":0,"parent":0,"menu_order":0,"comment_status":"closed","ping_status":"closed","template":"","meta":{"saved_in_kubio":false,"footnotes":""},"class_list":["post-127","page","type-page","status-publish","hentry"],"kubio_ai_page_context":{"short_desc":"","purpose":"general"},"_links":{"self":[{"href":"https:\/\/www.comadece.org.br\/site\/wp-json\/wp\/v2\/pages\/127","targetHints":{"allow":["GET"]}}],"collection":[{"href":"https:\/\/www.comadece.org.br\/site\/wp-json\/wp\/v2\/pages"}],"about":[{"href":"https:\/\/www.comadece.org.br\/site\/wp-json\/wp\/v2\/types\/page"}],"author":[{"embeddable":true,"href":"https:\/\/www.comadece.org.br\/site\/wp-json\/wp\/v2\/users\/1"}],"replies":[{"embeddable":true,"href":"https:\/\/www.comadece.org.br\/site\/wp-json\/wp\/v2\/comments?post=127"}],"version-history":[{"count":3,"href":"https:\/\/www.comadece.org.br\/site\/wp-json\/wp\/v2\/pages\/127\/revisions"}],"predecessor-version":[{"id":634,"href":"https:\/\/www.comadece.org.br\/site\/wp-json\/wp\/v2\/pages\/127\/revisions\/634"}],"wp:attachment":[{"href":"https:\/\/www.comadece.org.br\/site\/wp-json\/wp\/v2\/media?parent=127"}],"curies":[{"name":"wp","href":"https:\/\/api.w.org\/{rel}","templated":true}]}}