{"id":181,"date":"2024-12-19T21:48:16","date_gmt":"2024-12-19T21:48:16","guid":{"rendered":"https:\/\/www.comadece.org.br\/site\/?page_id=181"},"modified":"2025-01-22T15:15:49","modified_gmt":"2025-01-22T18:15:49","slug":"administrativo","status":"publish","type":"page","link":"https:\/\/www.comadece.org.br\/site\/administrativo\/","title":{"rendered":"Administrativo"},"content":{"rendered":"\n<h4 class=\"wp-block-heading\"><strong>Texto Introdut\u00f3rio<\/strong><\/h4>\n\n\n\n<p>Bem-vindo \u00e0 p\u00e1gina <strong>Administrativo da COMADECE<\/strong>, um espa\u00e7o dedicado a facilitar o acesso \u00e0s ferramentas e servi\u00e7os essenciais para ministros e membros vinculados \u00e0 Conven\u00e7\u00e3o de Ministros da Assembleia de Deus Bela Vista no Cear\u00e1.<\/p>\n\n\n\n<p>Aqui voc\u00ea encontra links diretos para \u00e1reas exclusivas, onde \u00e9 poss\u00edvel realizar consultas, atualiza\u00e7\u00f5es cadastrais, acessar documentos e acompanhar informa\u00e7\u00f5es internas da Conven\u00e7\u00e3o.<\/p>\n\n\n\n<hr class=\"wp-block-separator has-alpha-channel-opacity\"\/>\n\n\n\n<h3 class=\"wp-block-heading\"><strong>\u00c1reas Dispon\u00edveis<\/strong><\/h3>\n\n\n\n<h4 class=\"wp-block-heading\"><strong>\u00c1rea de Membros<\/strong><\/h4>\n\n\n\n<p>Um ambiente exclusivo para membros da COMADECE, onde \u00e9 poss\u00edvel:<\/p>\n\n\n\n<ul class=\"wp-block-list\">\n<li>Atualizar informa\u00e7\u00f5es cadastrais.<\/li>\n\n\n\n<li>Consultar status de filia\u00e7\u00e3o.<\/li>\n\n\n\n<li>Acessar comunicados e documentos internos.<\/li>\n<\/ul>\n\n\n\n<p><strong>Acesse agora<\/strong>:<br><\/p>\n\n\n\n<hr class=\"wp-block-separator has-alpha-channel-opacity\"\/>\n\n\n\n<h4 class=\"wp-block-heading\"><strong>\u00c1rea do Ministro<\/strong><\/h4>\n\n\n\n<p>Espa\u00e7o destinado exclusivamente aos ministros filiados, com funcionalidades espec\u00edficas:<\/p>\n\n\n\n<ul class=\"wp-block-list\">\n<li>Solicita\u00e7\u00e3o de documentos, como carteiras ministeriais e certificados.<\/li>\n\n\n\n<li>Acesso \u00e0s resolu\u00e7\u00f5es, estatutos e regimentos.<\/li>\n\n\n\n<li>Consulta de agenda e atas das Assembleias Gerais.<\/li>\n<\/ul>\n\n\n","protected":false},"excerpt":{"rendered":"<p>Texto Introdut\u00f3rio Bem-vindo \u00e0 p\u00e1gina Administrativo da COMADECE, um espa\u00e7o dedicado a facilitar o acesso \u00e0s ferramentas e servi\u00e7os essenciais para ministros e membros vinculados \u00e0 Conven\u00e7\u00e3o de Ministros da Assembleia de Deus Bela Vista no Cear\u00e1. Aqui voc\u00ea encontra links diretos para \u00e1reas exclusivas, onde \u00e9 poss\u00edvel realizar consultas, atualiza\u00e7\u00f5es cadastrais, acessar documentos e [&hellip;]<\/p>\n","protected":false},"author":1,"featured_media":0,"parent":0,"menu_order":0,"comment_status":"closed","ping_status":"closed","template":"","meta":{"saved_in_kubio":true,"footnotes":""},"class_list":["post-181","page","type-page","status-publish","hentry"],"kubio_ai_page_context":{"short_desc":"","purpose":"general"},"_links":{"self":[{"href":"https:\/\/www.comadece.org.br\/site\/wp-json\/wp\/v2\/pages\/181","targetHints":{"allow":["GET"]}}],"collection":[{"href":"https:\/\/www.comadece.org.br\/site\/wp-json\/wp\/v2\/pages"}],"about":[{"href":"https:\/\/www.comadece.org.br\/site\/wp-json\/wp\/v2\/types\/page"}],"author":[{"embeddable":true,"href":"https:\/\/www.comadece.org.br\/site\/wp-json\/wp\/v2\/users\/1"}],"replies":[{"embeddable":true,"href":"https:\/\/www.comadece.org.br\/site\/wp-json\/wp\/v2\/comments?post=181"}],"version-history":[{"count":6,"href":"https:\/\/www.comadece.org.br\/site\/wp-json\/wp\/v2\/pages\/181\/revisions"}],"predecessor-version":[{"id":932,"href":"https:\/\/www.comadece.org.br\/site\/wp-json\/wp\/v2\/pages\/181\/revisions\/932"}],"wp:attachment":[{"href":"https:\/\/www.comadece.org.br\/site\/wp-json\/wp\/v2\/media?parent=181"}],"curies":[{"name":"wp","href":"https:\/\/api.w.org\/{rel}","templated":true}]}}