{"id":23,"date":"2024-12-18T17:26:32","date_gmt":"2024-12-18T17:26:32","guid":{"rendered":"https:\/\/www.comadece.org.br\/site\/?page_id=23"},"modified":"2024-12-18T17:34:02","modified_gmt":"2024-12-18T17:34:02","slug":"cremos","status":"publish","type":"page","link":"https:\/\/www.comadece.org.br\/site\/cremos\/","title":{"rendered":"Cremos"},"content":{"rendered":"\n<h3 class=\"wp-block-heading\"><strong>Cremos<\/strong><\/h3>\n\n\n\n<ol class=\"wp-block-list\">\n<li><strong>Em um s\u00f3 Deus<\/strong><br>Eternamente subsistente em tr\u00eas pessoas: o Pai, o Filho e o Esp\u00edrito Santo.<br>Refer\u00eancias: <a href=\"https:\/\/www.bibliaonline.com.br\/acf\/dt\/6\/4\">Dt 6:4<\/a>, <a>Mt 28:19<\/a>, <a>Mc 12:29<\/a>.<\/li>\n\n\n\n<li><strong>Na inspira\u00e7\u00e3o verbal da B\u00edblia Sagrada<\/strong><br>A \u00fanica regra infal\u00edvel de f\u00e9 normativa para a vida e o car\u00e1ter crist\u00e3o.<br>Refer\u00eancia: <a>2Tm 3:14-17<\/a>.<\/li>\n\n\n\n<li><strong>Na concep\u00e7\u00e3o virginal de Jesus Cristo<\/strong><br>Em sua morte vic\u00e1ria e expiat\u00f3ria, ressurrei\u00e7\u00e3o corporal e ascens\u00e3o vitoriosa aos c\u00e9us.<br>Refer\u00eancias: <a>Is 7:14<\/a>, <a>Rm 8:34<\/a>, <a>At 1:9<\/a>.<\/li>\n\n\n\n<li><strong>Na pecaminosidade do homem<\/strong><br>Destitu\u00eddo da gl\u00f3ria de Deus, somente o arrependimento e a f\u00e9 na obra redentora de Jesus Cristo podem restaur\u00e1-lo a Deus.<br>Refer\u00eancias: <a>Rm 3:23<\/a>, <a>At 3:19<\/a>.<\/li>\n\n\n\n<li><strong>Na necessidade do novo nascimento<\/strong><br>Pela f\u00e9 em Cristo, poder do Esp\u00edrito Santo e da Palavra de Deus para torn\u00e1-lo digno do Reino dos C\u00e9us.<br>Refer\u00eancias: <a>Jo 3:3-8<\/a>.<\/li>\n\n\n\n<li><strong>No perd\u00e3o dos pecados e na salva\u00e7\u00e3o eterna<\/strong><br>Concedidos gratuitamente por Deus mediante a f\u00e9 no sacrif\u00edcio de Jesus Cristo.<br>Refer\u00eancias: <a>At 10:43<\/a>, <a>Rm 10:13<\/a>, <a>Hb 7:25<\/a>.<\/li>\n\n\n\n<li><strong>No batismo b\u00edblico por imers\u00e3o<\/strong><br>Realizado em nome do Pai, do Filho e do Esp\u00edrito Santo, conforme a ordem de Cristo.<br>Refer\u00eancias: <a>Mt 28:19<\/a>, <a>Rm 6:1-6<\/a>, <a>Cl 2:12<\/a>.<\/li>\n\n\n\n<li><strong>Na possibilidade de viver uma vida santa<\/strong><br>Por meio da obra redentora de Cristo e do poder do Esp\u00edrito Santo.<br>Refer\u00eancias: <a>Hb 9:14<\/a>, <a>1Pd 1:15<\/a>.<\/li>\n\n\n\n<li><strong>No batismo com o Esp\u00edrito Santo<\/strong><br>Como um dom de Deus com evid\u00eancia inicial de falar em outras l\u00ednguas, conforme a Sua vontade.<br>Refer\u00eancias: <a>At 1:5<\/a>, <a>At 2:4<\/a>, <a>At 10:44-46<\/a>.<\/li>\n\n\n\n<li><strong>Na atualidade dos dons espirituais<\/strong><br>Distribu\u00eddos pelo Esp\u00edrito Santo para edifica\u00e7\u00e3o da Igreja.<br>Refer\u00eancia: <a>1Co 12:1-12<\/a>.<\/li>\n\n\n\n<li><strong>Na Segunda Vinda de Cristo<\/strong><br>Em duas fases: o arrebatamento da Igreja e Seu retorno glorioso para reinar.<br>Refer\u00eancias: <a>1Ts 4:16-17<\/a>, <a>Ap 20:4<\/a>.<\/li>\n\n\n\n<li><strong>No Tribunal de Cristo<\/strong><br>Onde os crist\u00e3os receber\u00e3o recompensas por suas obras.<br>Refer\u00eancia: <a>2Co 5:10<\/a>.<\/li>\n\n\n\n<li><strong>No Ju\u00edzo Final<\/strong><br>Que recompensar\u00e1 os fi\u00e9is e condenar\u00e1 os infi\u00e9is.<br>Refer\u00eancia: <a>Ap 20:11-15<\/a>.<\/li>\n\n\n\n<li><strong>Na vida eterna<\/strong><br>De gozo para os fi\u00e9is e de tormento para os infi\u00e9is.<br>Refer\u00eancia: <a>Mt 25:46<\/a>.<\/li>\n<\/ol>\n","protected":false},"excerpt":{"rendered":"<p>Cremos<\/p>\n","protected":false},"author":1,"featured_media":0,"parent":0,"menu_order":0,"comment_status":"closed","ping_status":"closed","template":"","meta":{"saved_in_kubio":false,"footnotes":""},"class_list":["post-23","page","type-page","status-publish","hentry"],"kubio_ai_page_context":{"short_desc":"","purpose":"general"},"_links":{"self":[{"href":"https:\/\/www.comadece.org.br\/site\/wp-json\/wp\/v2\/pages\/23","targetHints":{"allow":["GET"]}}],"collection":[{"href":"https:\/\/www.comadece.org.br\/site\/wp-json\/wp\/v2\/pages"}],"about":[{"href":"https:\/\/www.comadece.org.br\/site\/wp-json\/wp\/v2\/types\/page"}],"author":[{"embeddable":true,"href":"https:\/\/www.comadece.org.br\/site\/wp-json\/wp\/v2\/users\/1"}],"replies":[{"embeddable":true,"href":"https:\/\/www.comadece.org.br\/site\/wp-json\/wp\/v2\/comments?post=23"}],"version-history":[{"count":2,"href":"https:\/\/www.comadece.org.br\/site\/wp-json\/wp\/v2\/pages\/23\/revisions"}],"predecessor-version":[{"id":29,"href":"https:\/\/www.comadece.org.br\/site\/wp-json\/wp\/v2\/pages\/23\/revisions\/29"}],"wp:attachment":[{"href":"https:\/\/www.comadece.org.br\/site\/wp-json\/wp\/v2\/media?parent=23"}],"curies":[{"name":"wp","href":"https:\/\/api.w.org\/{rel}","templated":true}]}}