{"id":37,"date":"2024-12-18T18:03:33","date_gmt":"2024-12-18T18:03:33","guid":{"rendered":"https:\/\/www.comadece.org.br\/site\/?page_id=37"},"modified":"2024-12-25T10:11:45","modified_gmt":"2024-12-25T10:11:45","slug":"regimento","status":"publish","type":"page","link":"https:\/\/www.comadece.org.br\/site\/regimento\/","title":{"rendered":"Regimento"},"content":{"rendered":"\n<p>Conhe\u00e7a o <strong>Regimento Interno da COMADECE<\/strong>, um documento fundamental que complementa o Estatuto e regula, de maneira detalhada, a organiza\u00e7\u00e3o e o funcionamento da Conven\u00e7\u00e3o de Ministros da Assembleia de Deus Bela Vista no Cear\u00e1. Aprovado em Assembleia Geral no dia 19 de setembro de 2020, o Regimento \u00e9 uma ferramenta indispens\u00e1vel para garantir ordem, transpar\u00eancia e efici\u00eancia em todas as atividades da COMADECE.<\/p>\n\n\n\n<hr class=\"wp-block-separator has-alpha-channel-opacity\"\/>\n\n\n\n<h3 class=\"wp-block-heading\"><strong>Sobre o Regimento Interno da COMADECE<\/strong><\/h3>\n\n\n\n<h4 class=\"wp-block-heading\"><strong>Finalidade do Regimento<\/strong><\/h4>\n\n\n\n<p>O Regimento Interno tem como objetivo regulamentar, no que couber, as disposi\u00e7\u00f5es do Estatuto da COMADECE, garantindo que todos os processos internos da Conven\u00e7\u00e3o sejam conduzidos de acordo com os princ\u00edpios b\u00edblicos e organizacionais.<\/p>\n\n\n\n<h4 class=\"wp-block-heading\"><strong>Principais T\u00f3picos do Regimento<\/strong><\/h4>\n\n\n\n<ol class=\"wp-block-list\">\n<li><strong>A Conven\u00e7\u00e3o<\/strong>: Define a aplica\u00e7\u00e3o do Regimento em conformidade com o Estatuto.<\/li>\n\n\n\n<li><strong>Assembleia Geral<\/strong>: Detalha o funcionamento, convoca\u00e7\u00f5es, qu\u00f3rum, ordem dos trabalhos e vota\u00e7\u00e3o nas sess\u00f5es ordin\u00e1rias e extraordin\u00e1rias.<\/li>\n\n\n\n<li><strong>Elei\u00e7\u00f5es<\/strong>: Estabelece as regras para candidaturas, processos eleitorais e apura\u00e7\u00e3o dos votos para a Mesa Diretora e Conselhos.<\/li>\n\n\n\n<li><strong>Disposi\u00e7\u00f5es Gerais e Transit\u00f3rias<\/strong>: Preveem a resolu\u00e7\u00e3o de casos omissos e a adequa\u00e7\u00e3o do Regimento ao Estatuto em casos de reforma.<\/li>\n<\/ol>\n\n\n\n<hr class=\"wp-block-separator has-alpha-channel-opacity\"\/>\n\n\n\n<div class=\"wp-block-media-text is-stacked-on-mobile\" style=\"grid-template-columns:15% auto\"><figure class=\"wp-block-media-text__media\"><img loading=\"lazy\" decoding=\"async\" width=\"695\" height=\"988\" src=\"https:\/\/www.comadece.org.br\/site\/wp-content\/uploads\/2024\/12\/Capa_Regimento.png\" alt=\"\" class=\"wp-image-42 size-full\" srcset=\"https:\/\/www.comadece.org.br\/site\/wp-content\/uploads\/2024\/12\/Capa_Regimento.png 695w, https:\/\/www.comadece.org.br\/site\/wp-content\/uploads\/2024\/12\/Capa_Regimento-211x300.png 211w\" sizes=\"(max-width: 695px) 100vw, 695px\" \/><\/figure><div class=\"wp-block-media-text__content\">\n<p><strong>Baixe o Regimento Interno<\/strong><\/p>\n\n\n\n<p>Para consultar o Regimento Interno completo, fa\u00e7a o download do documento em PDF clicando no bot\u00e3o abaixo:<\/p>\n\n\n\n<p><\/p>\n\n\n\n<a  data-e-Disable-Page-Transition=\"true\" class=\"download-link download-button aligncenter\" title=\"\" href=\"https:\/\/www.comadece.org.br\/site\/download\/591\/?tmstv=1776687180\" rel=\"nofollow\" id=\"download-link-591\" data-redirect=\"false\" >\n\tDownload &ldquo;Regimento Interno da Conven\u00e7\u00e3o de Ministros da Assembleia de Deus Bela Vista &#8211; Estado do Cear\u00e1&rdquo;\t<small>REGIMENTO-INTERNO-COMADECE-ELABORADO-EM-2020.pdf\t\t&ndash; Baixado 81 vezes\t\t&ndash; 501,61 KB<\/small>\n<\/a>\n<\/div><\/div>\n","protected":false},"excerpt":{"rendered":"<p>Conhe\u00e7a o Regimento Interno da COMADECE, um documento fundamental que complementa o Estatuto e regula, de maneira detalhada, a organiza\u00e7\u00e3o e o funcionamento da Conven\u00e7\u00e3o de Ministros da Assembleia de Deus Bela Vista no Cear\u00e1. Aprovado em Assembleia Geral no dia 19 de setembro de 2020, o Regimento \u00e9 uma ferramenta indispens\u00e1vel para garantir ordem, [&hellip;]<\/p>\n","protected":false},"author":1,"featured_media":0,"parent":0,"menu_order":0,"comment_status":"closed","ping_status":"closed","template":"","meta":{"saved_in_kubio":false,"footnotes":""},"class_list":["post-37","page","type-page","status-publish","hentry"],"kubio_ai_page_context":{"short_desc":"","purpose":"general"},"_links":{"self":[{"href":"https:\/\/www.comadece.org.br\/site\/wp-json\/wp\/v2\/pages\/37","targetHints":{"allow":["GET"]}}],"collection":[{"href":"https:\/\/www.comadece.org.br\/site\/wp-json\/wp\/v2\/pages"}],"about":[{"href":"https:\/\/www.comadece.org.br\/site\/wp-json\/wp\/v2\/types\/page"}],"author":[{"embeddable":true,"href":"https:\/\/www.comadece.org.br\/site\/wp-json\/wp\/v2\/users\/1"}],"replies":[{"embeddable":true,"href":"https:\/\/www.comadece.org.br\/site\/wp-json\/wp\/v2\/comments?post=37"}],"version-history":[{"count":8,"href":"https:\/\/www.comadece.org.br\/site\/wp-json\/wp\/v2\/pages\/37\/revisions"}],"predecessor-version":[{"id":603,"href":"https:\/\/www.comadece.org.br\/site\/wp-json\/wp\/v2\/pages\/37\/revisions\/603"}],"wp:attachment":[{"href":"https:\/\/www.comadece.org.br\/site\/wp-json\/wp\/v2\/media?parent=37"}],"curies":[{"name":"wp","href":"https:\/\/api.w.org\/{rel}","templated":true}]}}