{"id":44,"date":"2024-12-18T18:13:02","date_gmt":"2024-12-18T18:13:02","guid":{"rendered":"https:\/\/www.comadece.org.br\/site\/?page_id=44"},"modified":"2024-12-18T18:13:03","modified_gmt":"2024-12-18T18:13:03","slug":"resolucoes","status":"publish","type":"page","link":"https:\/\/www.comadece.org.br\/site\/resolucoes\/","title":{"rendered":"Resolu\u00e7\u00f5es"},"content":{"rendered":"\n<p>A <strong>Conven\u00e7\u00e3o de Ministros da Assembleia de Deus Bela Vista no Estado do Cear\u00e1 (COMADECE)<\/strong>, em conformidade com seu Estatuto e Regimento Interno, emite resolu\u00e7\u00f5es como instrumentos normativos que regulamentam quest\u00f5es administrativas, doutrin\u00e1rias e organizacionais da Conven\u00e7\u00e3o. Estas resolu\u00e7\u00f5es s\u00e3o elaboradas pela Mesa Diretora, Conselhos e Assembleias Gerais e t\u00eam como objetivo garantir a efici\u00eancia e a unidade nas decis\u00f5es ministeriais.<\/p>\n\n\n\n<p>Nesta p\u00e1gina, voc\u00ea encontrar\u00e1 as resolu\u00e7\u00f5es aprovadas nas Assembleias Gerais Ordin\u00e1rias e Extraordin\u00e1rias, bem como as emitidas pela Mesa Diretora e Conselhos da COMADECE, organizadas para consulta e download.<\/p>\n\n\n\n<hr class=\"wp-block-separator has-alpha-channel-opacity\"\/>\n\n\n\n<h4 class=\"wp-block-heading\"><strong>Resolu\u00e7\u00f5es da COMADECE<\/strong><\/h4>\n\n\n\n<p>Aqui ser\u00e3o listadas as resolu\u00e7\u00f5es oficiais \u00e0 medida que forem aprovadas e publicadas:<\/p>\n\n\n\n<ul class=\"wp-block-list\">\n<li><strong>Exemplo de listagem<\/strong>:\n<ul class=\"wp-block-list\">\n<li><strong>Resolu\u00e7\u00e3o n\u00ba xx\/xxxx<\/strong> \u2013 [Descri\u00e7\u00e3o breve da resolu\u00e7\u00e3o].<\/li>\n<\/ul>\n<\/li>\n<\/ul>\n\n\n\n<p><strong>Nota<\/strong>: Para informa\u00e7\u00f5es completas sobre cada resolu\u00e7\u00e3o, acesse os documentos correspondentes clicando nos links acima.<\/p>\n","protected":false},"excerpt":{"rendered":"<p>A Conven\u00e7\u00e3o de Ministros da Assembleia de Deus Bela Vista no Estado do Cear\u00e1 (COMADECE), em conformidade com seu Estatuto e Regimento Interno, emite resolu\u00e7\u00f5es como instrumentos normativos que regulamentam quest\u00f5es administrativas, doutrin\u00e1rias e organizacionais da Conven\u00e7\u00e3o. Estas resolu\u00e7\u00f5es s\u00e3o elaboradas pela Mesa Diretora, Conselhos e Assembleias Gerais e t\u00eam como objetivo garantir a efici\u00eancia [&hellip;]<\/p>\n","protected":false},"author":1,"featured_media":0,"parent":0,"menu_order":0,"comment_status":"closed","ping_status":"closed","template":"","meta":{"saved_in_kubio":false,"footnotes":""},"class_list":["post-44","page","type-page","status-publish","hentry"],"kubio_ai_page_context":{"short_desc":"","purpose":"general"},"_links":{"self":[{"href":"https:\/\/www.comadece.org.br\/site\/wp-json\/wp\/v2\/pages\/44","targetHints":{"allow":["GET"]}}],"collection":[{"href":"https:\/\/www.comadece.org.br\/site\/wp-json\/wp\/v2\/pages"}],"about":[{"href":"https:\/\/www.comadece.org.br\/site\/wp-json\/wp\/v2\/types\/page"}],"author":[{"embeddable":true,"href":"https:\/\/www.comadece.org.br\/site\/wp-json\/wp\/v2\/users\/1"}],"replies":[{"embeddable":true,"href":"https:\/\/www.comadece.org.br\/site\/wp-json\/wp\/v2\/comments?post=44"}],"version-history":[{"count":1,"href":"https:\/\/www.comadece.org.br\/site\/wp-json\/wp\/v2\/pages\/44\/revisions"}],"predecessor-version":[{"id":49,"href":"https:\/\/www.comadece.org.br\/site\/wp-json\/wp\/v2\/pages\/44\/revisions\/49"}],"wp:attachment":[{"href":"https:\/\/www.comadece.org.br\/site\/wp-json\/wp\/v2\/media?parent=44"}],"curies":[{"name":"wp","href":"https:\/\/api.w.org\/{rel}","templated":true}]}}