{"id":50,"date":"2024-12-18T18:15:16","date_gmt":"2024-12-18T18:15:16","guid":{"rendered":"https:\/\/www.comadece.org.br\/site\/?page_id=50"},"modified":"2024-12-18T18:16:49","modified_gmt":"2024-12-18T18:16:49","slug":"editais","status":"publish","type":"page","link":"https:\/\/www.comadece.org.br\/site\/editais\/","title":{"rendered":"Editais"},"content":{"rendered":"\n<p>Nesta p\u00e1gina, a <strong>Conven\u00e7\u00e3o de Ministros da Assembleia de Deus Bela Vista no Estado do Cear\u00e1 (COMADECE)<\/strong> publica os editais oficiais relacionados \u00e0s Assembleias Gerais Ordin\u00e1rias (AGO) e Extraordin\u00e1rias (AGE), elei\u00e7\u00f5es e outros comunicados importantes, conforme disposto no Estatuto e Regimento Interno.<\/p>\n\n\n\n<p>Os editais s\u00e3o instrumentos de convoca\u00e7\u00e3o e divulga\u00e7\u00e3o que garantem transpar\u00eancia e ampla participa\u00e7\u00e3o dos ministros e membros vinculados \u00e0s atividades da Conven\u00e7\u00e3o. Eles cont\u00eam informa\u00e7\u00f5es como data, hor\u00e1rio, local e pauta das reuni\u00f5es e eventos, de acordo com os artigos 17, 18 e 21 do Estatuto\u200b\u200b.<\/p>\n\n\n\n<p>Abaixo, voc\u00ea poder\u00e1 consultar e baixar os editais publicados pela COMADECE.<\/p>\n\n\n\n<hr class=\"wp-block-separator has-alpha-channel-opacity\"\/>\n\n\n\n<h4 class=\"wp-block-heading\"><strong>Editais da COMADECE<\/strong><\/h4>\n\n\n\n<p>Os editais estar\u00e3o listados aqui, organizados por data e tipo de evento:<\/p>\n\n\n\n<ul class=\"wp-block-list\">\n<li><strong>Exemplo de listagem<\/strong>:\n<ul class=\"wp-block-list\">\n<li><strong>Edital n\u00ba xx\/xxxx<\/strong> \u2013 [Descri\u00e7\u00e3o breve, como: &#8220;Convoca\u00e7\u00e3o para AGO de novembro de 2024&#8221;].<\/li>\n<\/ul>\n<\/li>\n<\/ul>\n\n\n\n<p><strong>Nota<\/strong>: Para informa\u00e7\u00f5es detalhadas, clique nos links correspondentes a cada edital.<\/p>\n","protected":false},"excerpt":{"rendered":"<p>Nesta p\u00e1gina, a Conven\u00e7\u00e3o de Ministros da Assembleia de Deus Bela Vista no Estado do Cear\u00e1 (COMADECE) publica os editais oficiais relacionados \u00e0s Assembleias Gerais Ordin\u00e1rias (AGO) e Extraordin\u00e1rias (AGE), elei\u00e7\u00f5es e outros comunicados importantes, conforme disposto no Estatuto e Regimento Interno. Os editais s\u00e3o instrumentos de convoca\u00e7\u00e3o e divulga\u00e7\u00e3o que garantem transpar\u00eancia e ampla [&hellip;]<\/p>\n","protected":false},"author":1,"featured_media":0,"parent":0,"menu_order":0,"comment_status":"closed","ping_status":"closed","template":"","meta":{"saved_in_kubio":false,"footnotes":""},"class_list":["post-50","page","type-page","status-publish","hentry"],"kubio_ai_page_context":{"short_desc":"","purpose":"general"},"_links":{"self":[{"href":"https:\/\/www.comadece.org.br\/site\/wp-json\/wp\/v2\/pages\/50","targetHints":{"allow":["GET"]}}],"collection":[{"href":"https:\/\/www.comadece.org.br\/site\/wp-json\/wp\/v2\/pages"}],"about":[{"href":"https:\/\/www.comadece.org.br\/site\/wp-json\/wp\/v2\/types\/page"}],"author":[{"embeddable":true,"href":"https:\/\/www.comadece.org.br\/site\/wp-json\/wp\/v2\/users\/1"}],"replies":[{"embeddable":true,"href":"https:\/\/www.comadece.org.br\/site\/wp-json\/wp\/v2\/comments?post=50"}],"version-history":[{"count":1,"href":"https:\/\/www.comadece.org.br\/site\/wp-json\/wp\/v2\/pages\/50\/revisions"}],"predecessor-version":[{"id":55,"href":"https:\/\/www.comadece.org.br\/site\/wp-json\/wp\/v2\/pages\/50\/revisions\/55"}],"wp:attachment":[{"href":"https:\/\/www.comadece.org.br\/site\/wp-json\/wp\/v2\/media?parent=50"}],"curies":[{"name":"wp","href":"https:\/\/api.w.org\/{rel}","templated":true}]}}